{"id":972,"date":"2023-12-18T19:44:45","date_gmt":"2023-12-18T19:44:45","guid":{"rendered":"https:\/\/naturalearth.cl\/?page_id=972"},"modified":"2023-12-18T20:40:30","modified_gmt":"2023-12-18T20:40:30","slug":"puppy","status":"publish","type":"page","link":"https:\/\/naturalearth.cl\/index.php\/puppy\/","title":{"rendered":"Puppy"},"content":{"rendered":"\t\t<div data-elementor-type=\"wp-page\" data-elementor-id=\"972\" class=\"elementor elementor-972\">\n\t\t\t\t\t\t\t\t\t<section class=\"elementor-section elementor-top-section elementor-element elementor-element-963dcd1 elementor-section-boxed elementor-section-height-default elementor-section-height-default\" data-id=\"963dcd1\" data-element_type=\"section\">\n\t\t\t\t\t\t<div class=\"elementor-container elementor-column-gap-default\">\n\t\t\t\t\t<div class=\"elementor-column elementor-col-33 elementor-top-column elementor-element elementor-element-c5e5ea7\" data-id=\"c5e5ea7\" data-element_type=\"column\">\n\t\t\t<div class=\"elementor-widget-wrap elementor-element-populated\">\n\t\t\t\t\t\t\t\t<div class=\"elementor-element elementor-element-758ad04 elementor-widget elementor-widget-text-editor\" data-id=\"758ad04\" data-element_type=\"widget\" data-widget_type=\"text-editor.default\">\n\t\t\t\t<div class=\"elementor-widget-container\">\n\t\t\t\t\t\t\t<div style=\"text-align: center;\">Formatos<\/div>\t\t\t\t\t\t<\/div>\n\t\t\t\t<\/div>\n\t\t\t\t<div class=\"elementor-element elementor-element-c1f530e elementor-widget elementor-widget-image\" data-id=\"c1f530e\" data-element_type=\"widget\" data-widget_type=\"image.default\">\n\t\t\t\t<div class=\"elementor-widget-container\">\n\t\t\t\t\t\t\t\t\t\t\t\t\t\t\t<img loading=\"lazy\" decoding=\"async\" width=\"214\" height=\"214\" src=\"https:\/\/naturalearth.cl\/wp-content\/uploads\/2023\/12\/formato_sacos.png\" class=\"attachment-large size-large wp-image-661\" alt=\"\" srcset=\"https:\/\/naturalearth.cl\/wp-content\/uploads\/2023\/12\/formato_sacos.png 214w, https:\/\/naturalearth.cl\/wp-content\/uploads\/2023\/12\/formato_sacos-150x150.png 150w, https:\/\/naturalearth.cl\/wp-content\/uploads\/2023\/12\/formato_sacos-100x100.png 100w\" sizes=\"auto, (max-width: 214px) 100vw, 214px\" \/>\t\t\t\t\t\t\t\t\t\t\t\t\t\t\t<\/div>\n\t\t\t\t<\/div>\n\t\t\t\t<div class=\"elementor-element elementor-element-ecebb8b elementor-widget elementor-widget-text-editor\" data-id=\"ecebb8b\" data-element_type=\"widget\" data-widget_type=\"text-editor.default\">\n\t\t\t\t<div class=\"elementor-widget-container\">\n\t\t\t\t\t\t\t<p>\u00a01kg\u00a0 \u00a07,5kg\u00a0 \u00a010kg<\/p>\t\t\t\t\t\t<\/div>\n\t\t\t\t<\/div>\n\t\t\t\t\t<\/div>\n\t\t<\/div>\n\t\t\t\t<div class=\"elementor-column elementor-col-33 elementor-top-column elementor-element elementor-element-6d0ac08\" data-id=\"6d0ac08\" data-element_type=\"column\">\n\t\t\t<div class=\"elementor-widget-wrap elementor-element-populated\">\n\t\t\t\t\t\t\t\t<div class=\"elementor-element elementor-element-84ec4a0 elementor-widget elementor-widget-image\" data-id=\"84ec4a0\" data-element_type=\"widget\" data-widget_type=\"image.default\">\n\t\t\t\t<div class=\"elementor-widget-container\">\n\t\t\t\t\t\t\t\t\t\t\t\t\t\t\t<img loading=\"lazy\" decoding=\"async\" width=\"367\" height=\"552\" src=\"https:\/\/naturalearth.cl\/wp-content\/uploads\/2023\/12\/RENDER_PUPPY_10KG-1.png\" class=\"attachment-large size-large wp-image-662\" alt=\"\" srcset=\"https:\/\/naturalearth.cl\/wp-content\/uploads\/2023\/12\/RENDER_PUPPY_10KG-1.png 367w, https:\/\/naturalearth.cl\/wp-content\/uploads\/2023\/12\/RENDER_PUPPY_10KG-1-199x300.png 199w\" sizes=\"auto, (max-width: 367px) 100vw, 367px\" \/>\t\t\t\t\t\t\t\t\t\t\t\t\t\t\t<\/div>\n\t\t\t\t<\/div>\n\t\t\t\t\t<\/div>\n\t\t<\/div>\n\t\t\t\t<div class=\"elementor-column elementor-col-33 elementor-top-column elementor-element elementor-element-30f20db\" data-id=\"30f20db\" data-element_type=\"column\">\n\t\t\t<div class=\"elementor-widget-wrap elementor-element-populated\">\n\t\t\t\t\t\t\t\t<div class=\"elementor-element elementor-element-4fda33f elementor-widget__width-initial elementor-widget elementor-widget-image\" data-id=\"4fda33f\" data-element_type=\"widget\" data-widget_type=\"image.default\">\n\t\t\t\t<div class=\"elementor-widget-container\">\n\t\t\t\t\t\t\t\t\t\t\t\t\t\t\t<img loading=\"lazy\" decoding=\"async\" width=\"567\" height=\"335\" src=\"https:\/\/naturalearth.cl\/wp-content\/uploads\/2023\/12\/titulopuppy-c.png\" class=\"attachment-full size-full wp-image-701\" alt=\"\" srcset=\"https:\/\/naturalearth.cl\/wp-content\/uploads\/2023\/12\/titulopuppy-c.png 567w, https:\/\/naturalearth.cl\/wp-content\/uploads\/2023\/12\/titulopuppy-c-300x177.png 300w\" sizes=\"auto, (max-width: 567px) 100vw, 567px\" \/>\t\t\t\t\t\t\t\t\t\t\t\t\t\t\t<\/div>\n\t\t\t\t<\/div>\n\t\t\t\t<div class=\"elementor-element elementor-element-38eaea8 elementor-position-left elementor-vertical-align-middle elementor-widget elementor-widget-image-box\" data-id=\"38eaea8\" data-element_type=\"widget\" data-widget_type=\"image-box.default\">\n\t\t\t\t<div class=\"elementor-widget-container\">\n\t\t\t<div class=\"elementor-image-box-wrapper\"><figure class=\"elementor-image-box-img\"><img loading=\"lazy\" decoding=\"async\" width=\"85\" height=\"84\" src=\"https:\/\/naturalearth.cl\/wp-content\/uploads\/2023\/12\/huesos.png\" class=\"attachment-full size-full wp-image-657\" alt=\"\" \/><\/figure><div class=\"elementor-image-box-content\"><h3 class=\"elementor-image-box-title\">Crecimiento de huesos y dientes<\/h3><p class=\"elementor-image-box-description\">El calcio es un ingrediente esencial para nuestros cachorros, ya que ayuda en la formaci\u00f3n de sus huesos, la coagulaci\u00f3n sangu\u00ednea, la contracci\u00f3n muscular y la transmisi\u00f3n de impulsos nerviosos.<\/p><\/div><\/div>\t\t<\/div>\n\t\t\t\t<\/div>\n\t\t\t\t<div class=\"elementor-element elementor-element-e08ec12 elementor-position-left elementor-vertical-align-middle elementor-widget elementor-widget-image-box\" data-id=\"e08ec12\" data-element_type=\"widget\" data-widget_type=\"image-box.default\">\n\t\t\t\t<div class=\"elementor-widget-container\">\n\t\t\t<div class=\"elementor-image-box-wrapper\"><figure class=\"elementor-image-box-img\"><img loading=\"lazy\" decoding=\"async\" width=\"85\" height=\"84\" src=\"https:\/\/naturalearth.cl\/wp-content\/uploads\/2023\/12\/prebioticos.png\" class=\"attachment-full size-full wp-image-656\" alt=\"\" \/><\/figure><div class=\"elementor-image-box-content\"><h3 class=\"elementor-image-box-title\">Prebi\u00f3ticos<\/h3><p class=\"elementor-image-box-description\">Ayudan a prevenir enfermedades, mejorar la digesti\u00f3n y la absorci\u00f3n de nutrientes y minerales,\npotenciando adem\u00e1s el sistema inmunol\u00f3gico.<\/p><\/div><\/div>\t\t<\/div>\n\t\t\t\t<\/div>\n\t\t\t\t<div class=\"elementor-element elementor-element-06a5fdb elementor-widget__width-initial elementor-widget elementor-widget-image\" data-id=\"06a5fdb\" data-element_type=\"widget\" data-widget_type=\"image.default\">\n\t\t\t\t<div class=\"elementor-widget-container\">\n\t\t\t\t\t\t\t\t\t\t\t\t\t\t\t<img loading=\"lazy\" decoding=\"async\" width=\"532\" height=\"62\" src=\"https:\/\/naturalearth.cl\/wp-content\/uploads\/2023\/12\/todos.png\" class=\"attachment-full size-full wp-image-725\" alt=\"\" srcset=\"https:\/\/naturalearth.cl\/wp-content\/uploads\/2023\/12\/todos.png 532w, https:\/\/naturalearth.cl\/wp-content\/uploads\/2023\/12\/todos-300x35.png 300w\" sizes=\"auto, (max-width: 532px) 100vw, 532px\" \/>\t\t\t\t\t\t\t\t\t\t\t\t\t\t\t<\/div>\n\t\t\t\t<\/div>\n\t\t\t\t\t<\/div>\n\t\t<\/div>\n\t\t\t\t\t\t\t<\/div>\n\t\t<\/section>\n\t\t\t\t<section class=\"elementor-section elementor-top-section elementor-element elementor-element-e256647 elementor-section-boxed elementor-section-height-default elementor-section-height-default\" data-id=\"e256647\" data-element_type=\"section\">\n\t\t\t\t\t\t<div class=\"elementor-container elementor-column-gap-default\">\n\t\t\t\t\t<div class=\"elementor-column elementor-col-100 elementor-top-column elementor-element elementor-element-18675ac\" data-id=\"18675ac\" data-element_type=\"column\">\n\t\t\t<div class=\"elementor-widget-wrap elementor-element-populated\">\n\t\t\t\t\t\t\t\t<div class=\"elementor-element elementor-element-58255b4 elementor-widget elementor-widget-spacer\" data-id=\"58255b4\" data-element_type=\"widget\" data-widget_type=\"spacer.default\">\n\t\t\t\t<div class=\"elementor-widget-container\">\n\t\t\t\t\t<div class=\"elementor-spacer\">\n\t\t\t<div class=\"elementor-spacer-inner\"><\/div>\n\t\t<\/div>\n\t\t\t\t<\/div>\n\t\t\t\t<\/div>\n\t\t\t\t\t<\/div>\n\t\t<\/div>\n\t\t\t\t\t\t\t<\/div>\n\t\t<\/section>\n\t\t\t\t<section class=\"elementor-section elementor-top-section elementor-element elementor-element-d7ae67e elementor-section-full_width elementor-section-height-default elementor-section-height-default\" data-id=\"d7ae67e\" data-element_type=\"section\">\n\t\t\t\t\t\t<div class=\"elementor-container elementor-column-gap-no\">\n\t\t\t\t\t<div class=\"elementor-column elementor-col-100 elementor-top-column elementor-element elementor-element-a7506a6\" data-id=\"a7506a6\" data-element_type=\"column\">\n\t\t\t<div class=\"elementor-widget-wrap elementor-element-populated\">\n\t\t\t\t\t\t\t\t<div class=\"elementor-element elementor-element-7059aa0 elementor-widget__width-inherit elementor-widget elementor-widget-progress\" data-id=\"7059aa0\" data-element_type=\"widget\" data-widget_type=\"progress.default\">\n\t\t\t\t<div class=\"elementor-widget-container\">\n\t\t\t\n\t\t<div class=\"elementor-progress-wrapper\" role=\"progressbar\" aria-valuemin=\"0\" aria-valuemax=\"100\" aria-valuenow=\"50\">\n\t\t\t<div class=\"elementor-progress-bar\" data-max=\"50\">\n\t\t\t\t<span class=\"elementor-progress-text\"><\/span>\n\t\t\t\t\t\t\t<\/div>\n\t\t<\/div>\n\t\t\t\t<\/div>\n\t\t\t\t<\/div>\n\t\t\t\t\t<\/div>\n\t\t<\/div>\n\t\t\t\t\t\t\t<\/div>\n\t\t<\/section>\n\t\t\t\t<section class=\"elementor-section elementor-top-section elementor-element elementor-element-a9e0b3c elementor-section-boxed elementor-section-height-default elementor-section-height-default\" data-id=\"a9e0b3c\" data-element_type=\"section\">\n\t\t\t\t\t\t<div class=\"elementor-container elementor-column-gap-default\">\n\t\t\t\t\t<div class=\"elementor-column elementor-col-100 elementor-top-column elementor-element elementor-element-b7ae033\" data-id=\"b7ae033\" data-element_type=\"column\">\n\t\t\t<div class=\"elementor-widget-wrap elementor-element-populated\">\n\t\t\t\t\t\t\t\t<div class=\"elementor-element elementor-element-81762b3 elementor-widget elementor-widget-spacer\" data-id=\"81762b3\" data-element_type=\"widget\" data-widget_type=\"spacer.default\">\n\t\t\t\t<div class=\"elementor-widget-container\">\n\t\t\t\t\t<div class=\"elementor-spacer\">\n\t\t\t<div class=\"elementor-spacer-inner\"><\/div>\n\t\t<\/div>\n\t\t\t\t<\/div>\n\t\t\t\t<\/div>\n\t\t\t\t\t<\/div>\n\t\t<\/div>\n\t\t\t\t\t\t\t<\/div>\n\t\t<\/section>\n\t\t\t\t<section class=\"elementor-section elementor-top-section elementor-element elementor-element-3bc694b elementor-section-boxed elementor-section-height-default elementor-section-height-default\" data-id=\"3bc694b\" data-element_type=\"section\">\n\t\t\t\t\t\t<div class=\"elementor-container elementor-column-gap-no\">\n\t\t\t\t\t<div class=\"elementor-column elementor-col-100 elementor-top-column elementor-element elementor-element-fbea6f2\" data-id=\"fbea6f2\" data-element_type=\"column\">\n\t\t\t<div class=\"elementor-widget-wrap elementor-element-populated\">\n\t\t\t\t\t\t\t\t<div class=\"elementor-element elementor-element-a52b998 elementor-widget elementor-widget-text-editor\" data-id=\"a52b998\" data-element_type=\"widget\" data-widget_type=\"text-editor.default\">\n\t\t\t\t<div class=\"elementor-widget-container\">\n\t\t\t\t\t\t\t<h3 style=\"text-align: center;\">Ingredientes<\/h3>\t\t\t\t\t\t<\/div>\n\t\t\t\t<\/div>\n\t\t\t\t<div class=\"elementor-element elementor-element-29f2d0f elementor-widget elementor-widget-text-editor\" data-id=\"29f2d0f\" data-element_type=\"widget\" data-widget_type=\"text-editor.default\">\n\t\t\t\t<div class=\"elementor-widget-container\">\n\t\t\t\t\t\t\t<p style=\"text-align: left;\">Carne fresca de pollo, arroz, prote\u00edna animal baja en ceniza, manteca de cerdo estabilizada, aceite de canola estabilizado, semilla de linaza, suero de leche, huevo l\u00edquido, levadura de cerveza, fosfato de bic\u00e1lcico, premix vitam\u00ednico-mineral, sal, deodorizante natural (extracto de quillay), antioxidantes naturales, taurina, glucosamina, l-cartinina y condroitina.<\/p>\t\t\t\t\t\t<\/div>\n\t\t\t\t<\/div>\n\t\t\t\t\t<\/div>\n\t\t<\/div>\n\t\t\t\t\t\t\t<\/div>\n\t\t<\/section>\n\t\t\t\t<section class=\"elementor-section elementor-top-section elementor-element elementor-element-b1481f2 elementor-section-boxed elementor-section-height-default elementor-section-height-default\" data-id=\"b1481f2\" data-element_type=\"section\">\n\t\t\t\t\t\t<div class=\"elementor-container elementor-column-gap-default\">\n\t\t\t\t\t<div class=\"elementor-column elementor-col-50 elementor-top-column elementor-element elementor-element-15afc0f\" data-id=\"15afc0f\" data-element_type=\"column\">\n\t\t\t<div class=\"elementor-widget-wrap elementor-element-populated\">\n\t\t\t\t\t\t\t\t<div class=\"elementor-element elementor-element-47d3b1c elementor-widget elementor-widget-text-editor\" data-id=\"47d3b1c\" data-element_type=\"widget\" data-widget_type=\"text-editor.default\">\n\t\t\t\t<div class=\"elementor-widget-container\">\n\t\t\t\t\t\t\t<p style=\"text-align: center;\">Tabla de consumo diario<\/p>\t\t\t\t\t\t<\/div>\n\t\t\t\t<\/div>\n\t\t\t\t<div class=\"elementor-element elementor-element-988dbc5 elementor-widget elementor-widget-image\" data-id=\"988dbc5\" data-element_type=\"widget\" data-widget_type=\"image.default\">\n\t\t\t\t<div class=\"elementor-widget-container\">\n\t\t\t\t\t\t\t\t\t\t\t\t\t\t\t<img loading=\"lazy\" decoding=\"async\" width=\"540\" height=\"310\" src=\"https:\/\/naturalearth.cl\/wp-content\/uploads\/2023\/12\/puppytablaconsumo-e1702930921294.png\" class=\"attachment-large size-large wp-image-647\" alt=\"\" srcset=\"https:\/\/naturalearth.cl\/wp-content\/uploads\/2023\/12\/puppytablaconsumo-e1702930921294.png 540w, https:\/\/naturalearth.cl\/wp-content\/uploads\/2023\/12\/puppytablaconsumo-e1702930921294-300x172.png 300w\" sizes=\"auto, (max-width: 540px) 100vw, 540px\" \/>\t\t\t\t\t\t\t\t\t\t\t\t\t\t\t<\/div>\n\t\t\t\t<\/div>\n\t\t\t\t\t<\/div>\n\t\t<\/div>\n\t\t\t\t<div class=\"elementor-column elementor-col-50 elementor-top-column elementor-element elementor-element-e5e455e\" data-id=\"e5e455e\" data-element_type=\"column\">\n\t\t\t<div class=\"elementor-widget-wrap elementor-element-populated\">\n\t\t\t\t\t\t\t\t<div class=\"elementor-element elementor-element-b7dcbc0 elementor-widget elementor-widget-text-editor\" data-id=\"b7dcbc0\" data-element_type=\"widget\" data-widget_type=\"text-editor.default\">\n\t\t\t\t<div class=\"elementor-widget-container\">\n\t\t\t\t\t\t\t<p style=\"text-align: center;\">Tabla an\u00e1lisis garantizado<\/p>\t\t\t\t\t\t<\/div>\n\t\t\t\t<\/div>\n\t\t\t\t<div class=\"elementor-element elementor-element-3785d83 elementor-widget elementor-widget-image\" data-id=\"3785d83\" data-element_type=\"widget\" data-widget_type=\"image.default\">\n\t\t\t\t<div class=\"elementor-widget-container\">\n\t\t\t\t\t\t\t\t\t\t\t\t\t\t\t<img loading=\"lazy\" decoding=\"async\" width=\"535\" height=\"210\" src=\"https:\/\/naturalearth.cl\/wp-content\/uploads\/2023\/12\/puppytablaanalisis-e1702930991195.png\" class=\"attachment-large size-large wp-image-646\" alt=\"\" srcset=\"https:\/\/naturalearth.cl\/wp-content\/uploads\/2023\/12\/puppytablaanalisis-e1702930991195.png 535w, https:\/\/naturalearth.cl\/wp-content\/uploads\/2023\/12\/puppytablaanalisis-e1702930991195-300x118.png 300w\" sizes=\"auto, (max-width: 535px) 100vw, 535px\" \/>\t\t\t\t\t\t\t\t\t\t\t\t\t\t\t<\/div>\n\t\t\t\t<\/div>\n\t\t\t\t<div class=\"elementor-element elementor-element-b4dcbfc elementor-widget elementor-widget-image\" data-id=\"b4dcbfc\" data-element_type=\"widget\" data-widget_type=\"image.default\">\n\t\t\t\t<div class=\"elementor-widget-container\">\n\t\t\t\t\t\t\t\t\t\t\t\t\t\t\t<img loading=\"lazy\" decoding=\"async\" width=\"535\" height=\"210\" src=\"https:\/\/naturalearth.cl\/wp-content\/uploads\/2023\/12\/puppytablaanalisis-e1702930991195.png\" class=\"attachment-large size-large wp-image-646\" alt=\"\" srcset=\"https:\/\/naturalearth.cl\/wp-content\/uploads\/2023\/12\/puppytablaanalisis-e1702930991195.png 535w, https:\/\/naturalearth.cl\/wp-content\/uploads\/2023\/12\/puppytablaanalisis-e1702930991195-300x118.png 300w\" sizes=\"auto, (max-width: 535px) 100vw, 535px\" \/>\t\t\t\t\t\t\t\t\t\t\t\t\t\t\t<\/div>\n\t\t\t\t<\/div>\n\t\t\t\t\t<\/div>\n\t\t<\/div>\n\t\t\t\t\t\t\t<\/div>\n\t\t<\/section>\n\t\t\t\t<section class=\"elementor-section elementor-top-section elementor-element elementor-element-e3360c4 elementor-section-boxed elementor-section-height-default elementor-section-height-default\" data-id=\"e3360c4\" data-element_type=\"section\">\n\t\t\t\t\t\t<div class=\"elementor-container elementor-column-gap-default\">\n\t\t\t\t\t<div class=\"elementor-column elementor-col-100 elementor-top-column elementor-element elementor-element-97974c5\" data-id=\"97974c5\" data-element_type=\"column\">\n\t\t\t<div class=\"elementor-widget-wrap elementor-element-populated\">\n\t\t\t\t\t\t\t\t<div class=\"elementor-element elementor-element-d35d42a elementor-widget elementor-widget-spacer\" data-id=\"d35d42a\" data-element_type=\"widget\" data-widget_type=\"spacer.default\">\n\t\t\t\t<div class=\"elementor-widget-container\">\n\t\t\t\t\t<div class=\"elementor-spacer\">\n\t\t\t<div class=\"elementor-spacer-inner\"><\/div>\n\t\t<\/div>\n\t\t\t\t<\/div>\n\t\t\t\t<\/div>\n\t\t\t\t\t<\/div>\n\t\t<\/div>\n\t\t\t\t\t\t\t<\/div>\n\t\t<\/section>\n\t\t\t\t\t\t\t<\/div>\n\t\t","protected":false},"excerpt":{"rendered":"<p>Formatos \u00a01kg\u00a0 \u00a07,5kg\u00a0 \u00a010kg Crecimiento de huesos y dientes El calcio es un ingrediente esencial para nuestros cachorros, ya que ayuda en la formaci\u00f3n de sus huesos, la coagulaci\u00f3n sangu\u00ednea, la contracci\u00f3n muscular y la transmisi\u00f3n de impulsos nerviosos. Prebi\u00f3ticos Ayudan a prevenir enfermedades, mejorar la digesti\u00f3n y la absorci\u00f3n de nutrientes y minerales, potenciando [&hellip;]<\/p>\n","protected":false},"author":1,"featured_media":0,"parent":0,"menu_order":0,"comment_status":"closed","ping_status":"closed","template":"elementor_header_footer","meta":{"footnotes":""},"class_list":["post-972","page","type-page","status-publish","hentry"],"acf":[],"_links":{"self":[{"href":"https:\/\/naturalearth.cl\/index.php\/wp-json\/wp\/v2\/pages\/972","targetHints":{"allow":["GET"]}}],"collection":[{"href":"https:\/\/naturalearth.cl\/index.php\/wp-json\/wp\/v2\/pages"}],"about":[{"href":"https:\/\/naturalearth.cl\/index.php\/wp-json\/wp\/v2\/types\/page"}],"author":[{"embeddable":true,"href":"https:\/\/naturalearth.cl\/index.php\/wp-json\/wp\/v2\/users\/1"}],"replies":[{"embeddable":true,"href":"https:\/\/naturalearth.cl\/index.php\/wp-json\/wp\/v2\/comments?post=972"}],"version-history":[{"count":13,"href":"https:\/\/naturalearth.cl\/index.php\/wp-json\/wp\/v2\/pages\/972\/revisions"}],"predecessor-version":[{"id":990,"href":"https:\/\/naturalearth.cl\/index.php\/wp-json\/wp\/v2\/pages\/972\/revisions\/990"}],"wp:attachment":[{"href":"https:\/\/naturalearth.cl\/index.php\/wp-json\/wp\/v2\/media?parent=972"}],"curies":[{"name":"wp","href":"https:\/\/api.w.org\/{rel}","templated":true}]}}